{"id":1045,"date":"2025-04-03T09:50:39","date_gmt":"2025-04-03T09:50:39","guid":{"rendered":"https:\/\/only-tips.com\/?page_id=1045"},"modified":"2025-04-03T09:57:59","modified_gmt":"2025-04-03T09:57:59","slug":"informatii","status":"publish","type":"page","link":"https:\/\/only-tips.com\/?page_id=1045","title":{"rendered":"Informa\u021bii"},"content":{"rendered":"\n<div class=\"wp-block-cover alignfull\" style=\"min-height:800px;aspect-ratio:unset;\"><span aria-hidden=\"true\" class=\"wp-block-cover__background has-background-dim-0 has-background-dim\"><\/span><img loading=\"lazy\" decoding=\"async\" width=\"1640\" height=\"922\" class=\"wp-block-cover__image-background wp-image-608\" alt=\"\" src=\"http:\/\/only-tips.com\/wp-content\/uploads\/2024\/05\/neve-hero-2.png\" style=\"object-position:50% 72%\" data-object-fit=\"cover\" data-object-position=\"50% 72%\" srcset=\"https:\/\/only-tips.com\/wp-content\/uploads\/2024\/05\/neve-hero-2.png 1640w, https:\/\/only-tips.com\/wp-content\/uploads\/2024\/05\/neve-hero-2-300x169.png 300w\" sizes=\"auto, (max-width: 1640px) 100vw, 1640px\" \/><div class=\"wp-block-cover__inner-container is-layout-flow wp-block-cover-is-layout-flow\">\n<div class=\"wp-block-columns are-vertically-aligned-center is-layout-flex wp-container-core-columns-is-layout-9d6595d7 wp-block-columns-is-layout-flex\">\n<div class=\"wp-block-column is-vertically-aligned-center is-layout-flow wp-block-column-is-layout-flow\" style=\"padding-right:var(--wp--preset--spacing--20);padding-left:var(--wp--preset--spacing--20);flex-basis:65%\">\n<h1 class=\"wp-block-heading has-text-align-left has-nv-text-dark-bg-color has-text-color\">Cea mai sigur\u0103 cale spre c\u00e2\u0219tig!<\/h1>\n\n\n\n<p class=\"has-text-align-left has-nv-text-dark-bg-color has-text-color\" style=\"font-size:19px\">Bilete sigure, ponturi analizate, c\u00e2\u0219tiguri maxime!<\/p>\n\n\n\n<div style=\"height:100px\" aria-hidden=\"true\" class=\"wp-block-spacer\"><\/div>\n<\/div>\n\n\n\n<div class=\"wp-block-column is-vertically-aligned-center is-layout-flow wp-block-column-is-layout-flow\">\n<figure class=\"wp-block-image size-full\"><img loading=\"lazy\" decoding=\"async\" width=\"1280\" height=\"973\" src=\"http:\/\/only-tips.com\/wp-content\/uploads\/2025\/02\/football-3245968_1280.png\" alt=\"\" class=\"wp-image-10\" srcset=\"https:\/\/only-tips.com\/wp-content\/uploads\/2025\/02\/football-3245968_1280.png 1280w, https:\/\/only-tips.com\/wp-content\/uploads\/2025\/02\/football-3245968_1280-300x228.png 300w, https:\/\/only-tips.com\/wp-content\/uploads\/2025\/02\/football-3245968_1280-1024x778.png 1024w, https:\/\/only-tips.com\/wp-content\/uploads\/2025\/02\/football-3245968_1280-768x584.png 768w\" sizes=\"auto, (max-width: 1280px) 100vw, 1280px\" \/><\/figure>\n<\/div>\n<\/div>\n<\/div><\/div>\n\n\n\n<h2 class=\"wp-block-heading has-text-align-center\">Cu o experien\u021b\u0103 de peste 10 ani \u00een analiza pariurilor sportive, oferim ponturi cu un <strong>procentaj ridicat de reu\u0219it\u0103<\/strong>, bazate pe o strategie bine documentat\u0103 \u0219i o analiz\u0103 am\u0103nun\u021bit\u0103 a fiec\u0103rui meci.<\/h2>\n\n\n\n<div class=\"wp-block-columns is-layout-flex wp-container-core-columns-is-layout-9d6595d7 wp-block-columns-is-layout-flex\">\n<div class=\"wp-block-column is-layout-flow wp-block-column-is-layout-flow\">\n<figure class=\"wp-block-image size-large\"><img loading=\"lazy\" decoding=\"async\" width=\"466\" height=\"1024\" src=\"https:\/\/only-tips.com\/wp-content\/uploads\/2025\/04\/WhatsApp-Image-2025-04-03-at-12.24.04-1-466x1024.jpeg\" alt=\"\" class=\"wp-image-1049\" srcset=\"https:\/\/only-tips.com\/wp-content\/uploads\/2025\/04\/WhatsApp-Image-2025-04-03-at-12.24.04-1-466x1024.jpeg 466w, https:\/\/only-tips.com\/wp-content\/uploads\/2025\/04\/WhatsApp-Image-2025-04-03-at-12.24.04-1-136x300.jpeg 136w, https:\/\/only-tips.com\/wp-content\/uploads\/2025\/04\/WhatsApp-Image-2025-04-03-at-12.24.04-1.jpeg 582w\" sizes=\"auto, (max-width: 466px) 100vw, 466px\" \/><\/figure>\n<\/div>\n\n\n\n<div class=\"wp-block-column is-layout-flow wp-block-column-is-layout-flow\">\n<figure class=\"wp-block-image size-large\"><img loading=\"lazy\" decoding=\"async\" width=\"1024\" height=\"898\" src=\"https:\/\/only-tips.com\/wp-content\/uploads\/2025\/04\/WhatsApp-Image-2025-04-03-at-12.24.15-1024x898.jpeg\" alt=\"\" class=\"wp-image-1047\" srcset=\"https:\/\/only-tips.com\/wp-content\/uploads\/2025\/04\/WhatsApp-Image-2025-04-03-at-12.24.15-1024x898.jpeg 1024w, https:\/\/only-tips.com\/wp-content\/uploads\/2025\/04\/WhatsApp-Image-2025-04-03-at-12.24.15-300x263.jpeg 300w, https:\/\/only-tips.com\/wp-content\/uploads\/2025\/04\/WhatsApp-Image-2025-04-03-at-12.24.15-768x673.jpeg 768w, https:\/\/only-tips.com\/wp-content\/uploads\/2025\/04\/WhatsApp-Image-2025-04-03-at-12.24.15.jpeg 1080w\" sizes=\"auto, (max-width: 1024px) 100vw, 1024px\" \/><\/figure>\n<\/div>\n\n\n\n<div class=\"wp-block-column is-layout-flow wp-block-column-is-layout-flow\">\n<figure class=\"wp-block-image size-large\"><img loading=\"lazy\" decoding=\"async\" width=\"550\" height=\"1024\" src=\"https:\/\/only-tips.com\/wp-content\/uploads\/2025\/04\/WhatsApp-Image-2025-04-03-at-12.24.151-550x1024.jpeg\" alt=\"\" class=\"wp-image-1048\" srcset=\"https:\/\/only-tips.com\/wp-content\/uploads\/2025\/04\/WhatsApp-Image-2025-04-03-at-12.24.151-550x1024.jpeg 550w, https:\/\/only-tips.com\/wp-content\/uploads\/2025\/04\/WhatsApp-Image-2025-04-03-at-12.24.151-161x300.jpeg 161w, https:\/\/only-tips.com\/wp-content\/uploads\/2025\/04\/WhatsApp-Image-2025-04-03-at-12.24.151.jpeg 687w\" sizes=\"auto, (max-width: 550px) 100vw, 550px\" \/><\/figure>\n<\/div>\n<\/div>\n\n\n\n<hr class=\"wp-block-separator has-alpha-channel-opacity\"\/>\n\n\n\n<h2 class=\"wp-block-heading has-text-align-center\">Pre\u021buri:<\/h2>\n\n\n\n<div class=\"wp-block-columns is-layout-flex wp-container-core-columns-is-layout-9d6595d7 wp-block-columns-is-layout-flex\">\n<div class=\"wp-block-column is-layout-flow wp-block-column-is-layout-flow\">\n<h2 class=\"wp-block-heading has-text-align-center\"><mark style=\"background-color:rgba(0, 0, 0, 0)\" class=\"has-inline-color has-neve-link-color-color\">BILETUL ZILEI<\/mark><\/h2>\n\n\n\n<div class=\"wp-block-buttons is-content-justification-center is-layout-flex wp-container-core-buttons-is-layout-16018d1d wp-block-buttons-is-layout-flex\">\n<div class=\"wp-block-button is-style-primary\"><a class=\"wp-block-button__link wp-element-button\">500<br>dE LEI<\/a><\/div>\n<\/div>\n\n\n\n<h4 class=\"wp-block-heading\">Dac\u0103 un bilet este pierdut, exist\u0103 posibilitatea de returnare a banilor sau pute\u021bi opta pentru o s\u0103pt\u0103m\u00e2na de abonament<\/h4>\n<\/div>\n\n\n\n<div class=\"wp-block-column is-layout-flow wp-block-column-is-layout-flow\">\n<h2 class=\"wp-block-heading has-text-align-center\"><mark style=\"background-color:rgba(0, 0, 0, 0)\" class=\"has-inline-color has-neve-link-color-color\">ABONAMENT LUNAR<\/mark><\/h2>\n\n\n\n<div class=\"wp-block-buttons is-content-justification-center is-layout-flex wp-container-core-buttons-is-layout-16018d1d wp-block-buttons-is-layout-flex\">\n<div class=\"wp-block-button is-style-secondary\"><a class=\"wp-block-button__link wp-element-button\"><s>3000<br>DE LEI<\/s><\/a><\/div>\n\n\n\n<div class=\"wp-block-button is-style-primary\"><a class=\"wp-block-button__link wp-element-button\"><strong><mark style=\"background-color:rgba(0, 0, 0, 0)\" class=\"has-inline-color has-nv-c-2-color\">1200<\/mark><\/strong><br><mark style=\"background-color:rgba(0, 0, 0, 0)\" class=\"has-inline-color has-nv-c-2-color\">DE LEI PENTRU PRIMA LUNA<\/mark><\/a><\/div>\n<\/div>\n<\/div>\n<\/div>\n\n\n\n<div class=\"wp-block-columns is-layout-flex wp-container-core-columns-is-layout-9d6595d7 wp-block-columns-is-layout-flex\">\n<div class=\"wp-block-column is-layout-flow wp-block-column-is-layout-flow\"><\/div>\n\n\n\n<div class=\"wp-block-column is-layout-flow wp-block-column-is-layout-flow\"><\/div>\n<\/div>\n\n\n\n<hr class=\"wp-block-separator has-alpha-channel-opacity\"\/>\n\n\n\n<h2 class=\"wp-block-heading has-text-align-center\">Cum se poate face plata?<\/h2>\n\n\n\n<div class=\"wp-block-columns is-layout-flex wp-container-core-columns-is-layout-9d6595d7 wp-block-columns-is-layout-flex\">\n<div class=\"wp-block-column is-layout-flow wp-block-column-is-layout-flow\"><div class=\"wp-block-image\">\n<figure class=\"alignright size-full\"><img loading=\"lazy\" decoding=\"async\" width=\"290\" height=\"174\" src=\"https:\/\/only-tips.com\/wp-content\/uploads\/2025\/04\/abon1-big.png\" alt=\"\" class=\"wp-image-1051\"\/><\/figure>\n<\/div><\/div>\n\n\n\n<div class=\"wp-block-column is-layout-flow wp-block-column-is-layout-flow\">\n<figure class=\"wp-block-image size-large is-resized wp-duotone-rgb255255255-ffffff-1\"><img loading=\"lazy\" decoding=\"async\" width=\"1024\" height=\"683\" src=\"https:\/\/only-tips.com\/wp-content\/uploads\/2025\/04\/Revolut-Logo.wine_-1024x683.png\" alt=\"\" class=\"wp-image-1052\" style=\"width:322px;height:auto\" srcset=\"https:\/\/only-tips.com\/wp-content\/uploads\/2025\/04\/Revolut-Logo.wine_-1024x683.png 1024w, https:\/\/only-tips.com\/wp-content\/uploads\/2025\/04\/Revolut-Logo.wine_-300x200.png 300w, https:\/\/only-tips.com\/wp-content\/uploads\/2025\/04\/Revolut-Logo.wine_-768x512.png 768w, https:\/\/only-tips.com\/wp-content\/uploads\/2025\/04\/Revolut-Logo.wine_-1536x1024.png 1536w, https:\/\/only-tips.com\/wp-content\/uploads\/2025\/04\/Revolut-Logo.wine_-2048x1365.png 2048w, https:\/\/only-tips.com\/wp-content\/uploads\/2025\/04\/Revolut-Logo.wine_-930x620.png 930w\" sizes=\"auto, (max-width: 1024px) 100vw, 1024px\" \/><\/figure>\n<\/div>\n<\/div>\n\n\n\n<p><\/p>\n","protected":false},"excerpt":{"rendered":"<p>Cu o experien\u021b\u0103 de peste 10 ani \u00een analiza pariurilor sportive, oferim ponturi cu un procentaj ridicat de reu\u0219it\u0103, bazate pe o strategie bine documentat\u0103 \u0219i o analiz\u0103 am\u0103nun\u021bit\u0103 a fiec\u0103rui meci. Pre\u021buri: BILETUL ZILEI Dac\u0103 un bilet este pierdut, exist\u0103 posibilitatea de returnare a banilor sau pute\u021bi opta pentru o s\u0103pt\u0103m\u00e2na de abonament ABONAMENT&hellip;&nbsp;<a href=\"https:\/\/only-tips.com\/?page_id=1045\" rel=\"bookmark\">Cite\u0219te mai mult &raquo;<span class=\"screen-reader-text\">Informa\u021bii<\/span><\/a><\/p>\n","protected":false},"author":1,"featured_media":0,"parent":0,"menu_order":0,"comment_status":"closed","ping_status":"closed","template":"","meta":{"neve_meta_sidebar":"","neve_meta_container":"","neve_meta_enable_content_width":"","neve_meta_content_width":0,"neve_meta_title_alignment":"","neve_meta_author_avatar":"","neve_post_elements_order":"","neve_meta_disable_header":"","neve_meta_disable_footer":"","neve_meta_disable_title":"","_themeisle_gutenberg_block_has_review":false,"footnotes":""},"class_list":["post-1045","page","type-page","status-publish","hentry"],"_links":{"self":[{"href":"https:\/\/only-tips.com\/index.php?rest_route=\/wp\/v2\/pages\/1045","targetHints":{"allow":["GET"]}}],"collection":[{"href":"https:\/\/only-tips.com\/index.php?rest_route=\/wp\/v2\/pages"}],"about":[{"href":"https:\/\/only-tips.com\/index.php?rest_route=\/wp\/v2\/types\/page"}],"author":[{"embeddable":true,"href":"https:\/\/only-tips.com\/index.php?rest_route=\/wp\/v2\/users\/1"}],"replies":[{"embeddable":true,"href":"https:\/\/only-tips.com\/index.php?rest_route=%2Fwp%2Fv2%2Fcomments&post=1045"}],"version-history":[{"count":2,"href":"https:\/\/only-tips.com\/index.php?rest_route=\/wp\/v2\/pages\/1045\/revisions"}],"predecessor-version":[{"id":1060,"href":"https:\/\/only-tips.com\/index.php?rest_route=\/wp\/v2\/pages\/1045\/revisions\/1060"}],"wp:attachment":[{"href":"https:\/\/only-tips.com\/index.php?rest_route=%2Fwp%2Fv2%2Fmedia&parent=1045"}],"curies":[{"name":"wp","href":"https:\/\/api.w.org\/{rel}","templated":true}]}}