{"id":1159,"date":"2025-11-12T13:51:29","date_gmt":"2025-11-12T13:51:29","guid":{"rendered":"https:\/\/only-tips.com\/?page_id=1159"},"modified":"2025-11-12T13:51:29","modified_gmt":"2025-11-12T13:51:29","slug":"cum-sa-faci-plata","status":"publish","type":"page","link":"https:\/\/only-tips.com\/?page_id=1159","title":{"rendered":"Cum s\u0103 faci plata?"},"content":{"rendered":"\n<p>Deschide aplica\u021bia <strong>REVOLUT<\/strong> \u0219i acceseaz\u0103 sec\u021biunea <strong>\u201dPL\u0102\u021aI\u201d<\/strong> din meniul de jos.<br>Apas\u0103 pe butonul \u201dNou\u201d (simbolul \u201d+\u201d) din col\u021bul din dreapta sus.<\/p>\n\n\n\n<p>Selecteaza \u201d<strong>CARDUL T\u0102U<\/strong>\u201d<\/p>\n\n\n\n<figure class=\"wp-block-image size-large\"><img loading=\"lazy\" decoding=\"async\" width=\"880\" height=\"1024\" src=\"https:\/\/only-tips.com\/wp-content\/uploads\/2025\/11\/photo_5812140188552072223_y-880x1024.jpg\" alt=\"\" class=\"wp-image-1160\" srcset=\"https:\/\/only-tips.com\/wp-content\/uploads\/2025\/11\/photo_5812140188552072223_y-880x1024.jpg 880w, https:\/\/only-tips.com\/wp-content\/uploads\/2025\/11\/photo_5812140188552072223_y-258x300.jpg 258w, https:\/\/only-tips.com\/wp-content\/uploads\/2025\/11\/photo_5812140188552072223_y-768x894.jpg 768w, https:\/\/only-tips.com\/wp-content\/uploads\/2025\/11\/photo_5812140188552072223_y.jpg 1100w\" sizes=\"auto, (max-width: 880px) 100vw, 880px\" \/><\/figure>\n\n\n\n<p><strong>Introdu num\u0103rul de 16 cifre al cardului destinatarului.<\/strong><\/p>\n\n\n\n<figure class=\"wp-block-image size-large\"><img loading=\"lazy\" decoding=\"async\" width=\"474\" height=\"1024\" src=\"https:\/\/only-tips.com\/wp-content\/uploads\/2025\/11\/photo_5812140188552072224_y-474x1024.jpg\" alt=\"\" class=\"wp-image-1161\" srcset=\"https:\/\/only-tips.com\/wp-content\/uploads\/2025\/11\/photo_5812140188552072224_y-474x1024.jpg 474w, https:\/\/only-tips.com\/wp-content\/uploads\/2025\/11\/photo_5812140188552072224_y-139x300.jpg 139w, https:\/\/only-tips.com\/wp-content\/uploads\/2025\/11\/photo_5812140188552072224_y.jpg 592w\" sizes=\"auto, (max-width: 474px) 100vw, 474px\" \/><\/figure>\n\n\n\n<p>Introdu suma \u0219i alege moneda.<\/p>\n\n\n\n<p>Verific\u0103 detaliile transferului \u0219i orice comisioane percepute<\/p>\n\n\n\n<p>Apas\u0103 \u201eTrimite\u201d pentru a finaliza tranzac\u021bia.<\/p>\n\n\n\n<p><strong>Un exemplu de plat\u0103 efectuat\u0103 cu succes \u00een doar 2 minute<\/strong><\/p>\n\n\n\n<figure class=\"wp-block-image size-large\"><img loading=\"lazy\" decoding=\"async\" width=\"458\" height=\"1024\" src=\"https:\/\/only-tips.com\/wp-content\/uploads\/2025\/11\/photo_5812140188552072222_y-458x1024.jpg\" alt=\"\" class=\"wp-image-1162\" srcset=\"https:\/\/only-tips.com\/wp-content\/uploads\/2025\/11\/photo_5812140188552072222_y-458x1024.jpg 458w, https:\/\/only-tips.com\/wp-content\/uploads\/2025\/11\/photo_5812140188552072222_y-134x300.jpg 134w, https:\/\/only-tips.com\/wp-content\/uploads\/2025\/11\/photo_5812140188552072222_y.jpg 573w\" sizes=\"auto, (max-width: 458px) 100vw, 458px\" \/><\/figure>\n","protected":false},"excerpt":{"rendered":"<p>Deschide aplica\u021bia REVOLUT \u0219i acceseaz\u0103 sec\u021biunea \u201dPL\u0102\u021aI\u201d din meniul de jos.Apas\u0103 pe butonul \u201dNou\u201d (simbolul \u201d+\u201d) din col\u021bul din dreapta sus. Selecteaza \u201dCARDUL T\u0102U\u201d Introdu num\u0103rul de 16 cifre al cardului destinatarului. Introdu suma \u0219i alege moneda. Verific\u0103 detaliile transferului \u0219i orice comisioane percepute Apas\u0103 \u201eTrimite\u201d pentru a finaliza tranzac\u021bia. Un exemplu de plat\u0103 efectuat\u0103&hellip;&nbsp;<a href=\"https:\/\/only-tips.com\/?page_id=1159\" rel=\"bookmark\">Cite\u0219te mai mult &raquo;<span class=\"screen-reader-text\">Cum s\u0103 faci plata?<\/span><\/a><\/p>\n","protected":false},"author":1,"featured_media":0,"parent":0,"menu_order":0,"comment_status":"closed","ping_status":"closed","template":"","meta":{"neve_meta_sidebar":"","neve_meta_container":"","neve_meta_enable_content_width":"","neve_meta_content_width":0,"neve_meta_title_alignment":"","neve_meta_author_avatar":"","neve_post_elements_order":"","neve_meta_disable_header":"","neve_meta_disable_footer":"","neve_meta_disable_title":"","_themeisle_gutenberg_block_has_review":false,"footnotes":""},"class_list":["post-1159","page","type-page","status-publish","hentry"],"_links":{"self":[{"href":"https:\/\/only-tips.com\/index.php?rest_route=\/wp\/v2\/pages\/1159","targetHints":{"allow":["GET"]}}],"collection":[{"href":"https:\/\/only-tips.com\/index.php?rest_route=\/wp\/v2\/pages"}],"about":[{"href":"https:\/\/only-tips.com\/index.php?rest_route=\/wp\/v2\/types\/page"}],"author":[{"embeddable":true,"href":"https:\/\/only-tips.com\/index.php?rest_route=\/wp\/v2\/users\/1"}],"replies":[{"embeddable":true,"href":"https:\/\/only-tips.com\/index.php?rest_route=%2Fwp%2Fv2%2Fcomments&post=1159"}],"version-history":[{"count":1,"href":"https:\/\/only-tips.com\/index.php?rest_route=\/wp\/v2\/pages\/1159\/revisions"}],"predecessor-version":[{"id":1163,"href":"https:\/\/only-tips.com\/index.php?rest_route=\/wp\/v2\/pages\/1159\/revisions\/1163"}],"wp:attachment":[{"href":"https:\/\/only-tips.com\/index.php?rest_route=%2Fwp%2Fv2%2Fmedia&parent=1159"}],"curies":[{"name":"wp","href":"https:\/\/api.w.org\/{rel}","templated":true}]}}