{"id":946,"date":"2020-01-13T11:17:52","date_gmt":"2020-01-13T11:17:52","guid":{"rendered":"https:\/\/demosites.io\/marketing-agency-gb\/?page_id=5"},"modified":"2026-04-01T06:13:25","modified_gmt":"2026-04-01T06:13:25","slug":"bcd31-home","status":"publish","type":"page","link":"https:\/\/only-tips.com\/","title":{"rendered":"Prima Pagin\u0103"},"content":{"rendered":"\n<div class=\"wp-block-cover alignfull\" style=\"min-height:800px;aspect-ratio:unset;\"><img loading=\"lazy\" decoding=\"async\" width=\"1640\" height=\"922\" class=\"wp-block-cover__image-background wp-image-608\" alt=\"\" src=\"http:\/\/only-tips.com\/wp-content\/uploads\/2024\/05\/neve-hero-2.png\" style=\"object-position:50% 72%\" data-object-fit=\"cover\" data-object-position=\"50% 72%\" srcset=\"https:\/\/only-tips.com\/wp-content\/uploads\/2024\/05\/neve-hero-2.png 1640w, https:\/\/only-tips.com\/wp-content\/uploads\/2024\/05\/neve-hero-2-300x169.png 300w\" sizes=\"auto, (max-width: 1640px) 100vw, 1640px\" \/><span aria-hidden=\"true\" class=\"wp-block-cover__background has-background-dim-0 has-background-dim\"><\/span><div class=\"wp-block-cover__inner-container is-layout-flow wp-block-cover-is-layout-flow\">\n<div class=\"wp-block-columns are-vertically-aligned-center is-layout-flex wp-container-core-columns-is-layout-9d6595d7 wp-block-columns-is-layout-flex\">\n<div class=\"wp-block-column is-vertically-aligned-center is-layout-flow wp-block-column-is-layout-flow\" style=\"padding-right:var(--wp--preset--spacing--20);padding-left:var(--wp--preset--spacing--20);flex-basis:65%\">\n<div style=\"height:80px\" aria-hidden=\"true\" class=\"wp-block-spacer\"><\/div>\n\n\n\n<h1 class=\"wp-block-heading has-text-align-left has-nv-text-dark-bg-color has-text-color\">Hai s\u0103 c\u00e2\u0219tig\u0103m \u00eempreun\u0103!<\/h1>\n\n\n\n<p class=\"has-text-align-left has-nv-text-dark-bg-color has-text-color\" style=\"font-size:19px\">Ponturi verificate, rezultate reale! Urm\u0103re\u0219te pronosticurile noastre \u0219i profit\u0103 de cele mai bune oportunit\u0103\u021bi de pariere. Suntem aici s\u0103 te ghid\u0103m spre succes, cu sfaturi clare \u0219i analize detaliate!<\/p>\n\n\n\n<div class=\"wp-block-buttons is-horizontal is-content-justification-left is-layout-flex wp-container-core-buttons-is-layout-7e5fce0a wp-block-buttons-is-layout-flex\">\n<div class=\"wp-block-button is-style-primary\"><a class=\"wp-block-button__link has-text-color has-background has-link-color wp-element-button\" href=\"https:\/\/wa.me\/qr\/DZ2USDWNZMXFJ1\" style=\"color:#0a2279;background-color:#ffffff\"><img loading=\"lazy\" decoding=\"async\" width=\"30\" height=\"30\" class=\"wp-image-1077\" style=\"width: 30px;\" src=\"http:\/\/only-tips.com\/wp-content\/uploads\/2025\/06\/image_2025-06-06_153800681.png\" alt=\"\" srcset=\"https:\/\/only-tips.com\/wp-content\/uploads\/2025\/06\/image_2025-06-06_153800681.png 512w, https:\/\/only-tips.com\/wp-content\/uploads\/2025\/06\/image_2025-06-06_153800681-300x300.png 300w, https:\/\/only-tips.com\/wp-content\/uploads\/2025\/06\/image_2025-06-06_153800681-150x150.png 150w\" sizes=\"auto, (max-width: 30px) 100vw, 30px\" \/>trimite mesaj pe WHATSAPP<\/a><\/div>\n\n\n\n<div class=\"wp-block-button\"><a class=\"wp-block-button__link wp-element-button\" href=\"https:\/\/t.me\/onlyteams1\">aICI PUTE\u021aI VEDE BILETELE MELE<\/a><\/div>\n\n\n\n<div class=\"wp-block-button\"><a class=\"wp-block-button__link wp-element-button\" href=\"https:\/\/t.me\/Only_tips_ro\">ACCES TELEGRAM FREE<\/a><\/div>\n\n\n\n<div class=\"wp-block-button is-style-default\"><a class=\"wp-block-button__link wp-element-button\" href=\"https:\/\/wa.me\/qr\/W6MNOQ5G2FLWO1\"><mark style=\"background-color:rgba(0, 0, 0, 0);color:#ff0000\" class=\"has-inline-color\">CONTACT TEMPORAR WHATSAPP <img loading=\"lazy\" decoding=\"async\" width=\"20\" height=\"20\" class=\"wp-image-1077\" style=\"width: 20px;\" src=\"http:\/\/only-tips.com\/wp-content\/uploads\/2025\/06\/image_2025-06-06_153800681.png\" alt=\"\" srcset=\"https:\/\/only-tips.com\/wp-content\/uploads\/2025\/06\/image_2025-06-06_153800681.png 512w, https:\/\/only-tips.com\/wp-content\/uploads\/2025\/06\/image_2025-06-06_153800681-300x300.png 300w, https:\/\/only-tips.com\/wp-content\/uploads\/2025\/06\/image_2025-06-06_153800681-150x150.png 150w\" sizes=\"auto, (max-width: 20px) 100vw, 20px\" \/><\/mark><\/a><\/div>\n<\/div>\n\n\n\n<div style=\"height:100px\" aria-hidden=\"true\" class=\"wp-block-spacer\"><\/div>\n<\/div>\n\n\n\n<div class=\"wp-block-column is-vertically-aligned-center is-layout-flow wp-block-column-is-layout-flow\">\n<figure class=\"wp-block-image size-full\"><img loading=\"lazy\" decoding=\"async\" width=\"1280\" height=\"973\" src=\"http:\/\/only-tips.com\/wp-content\/uploads\/2025\/02\/football-3245968_1280.png\" alt=\"\" class=\"wp-image-10\" srcset=\"https:\/\/only-tips.com\/wp-content\/uploads\/2025\/02\/football-3245968_1280.png 1280w, https:\/\/only-tips.com\/wp-content\/uploads\/2025\/02\/football-3245968_1280-300x228.png 300w, https:\/\/only-tips.com\/wp-content\/uploads\/2025\/02\/football-3245968_1280-1024x778.png 1024w, https:\/\/only-tips.com\/wp-content\/uploads\/2025\/02\/football-3245968_1280-768x584.png 768w\" sizes=\"auto, (max-width: 1280px) 100vw, 1280px\" \/><\/figure>\n<\/div>\n<\/div>\n<\/div><\/div>\n\n\n\n<div class=\"wp-block-group\"><div class=\"wp-block-group__inner-container is-layout-constrained wp-block-group-is-layout-constrained\">\n<h2 class=\"wp-block-heading has-text-align-center\">STATISTIC\u0102 LUNA MARTIE<\/h2>\n\n\n\n<div class=\"wp-block-columns is-layout-flex wp-container-core-columns-is-layout-9d6595d7 wp-block-columns-is-layout-flex\">\n<div class=\"wp-block-column neve-duotone is-layout-flow wp-block-column-is-layout-flow\" style=\"padding-right:var(--wp--preset--spacing--30);padding-left:var(--wp--preset--spacing--30)\"><div class=\"wp-block-image icon-style is-style-default wp-duotone-unset-1\">\n<figure class=\"aligncenter size-full is-resized has-custom-border\"><img loading=\"lazy\" decoding=\"async\" width=\"512\" height=\"512\" src=\"http:\/\/only-tips.com\/wp-content\/uploads\/2025\/02\/5610944.png\" alt=\"\" class=\"wp-image-17\" style=\"border-radius:0px;width:172px;height:auto\" title=\"\" srcset=\"https:\/\/only-tips.com\/wp-content\/uploads\/2025\/02\/5610944.png 512w, https:\/\/only-tips.com\/wp-content\/uploads\/2025\/02\/5610944-300x300.png 300w, https:\/\/only-tips.com\/wp-content\/uploads\/2025\/02\/5610944-150x150.png 150w\" sizes=\"auto, (max-width: 512px) 100vw, 512px\" \/><\/figure>\n<\/div>\n\n\n<h2 class=\"wp-block-heading has-text-align-center has-neve-text-color-color has-text-color\">25 <br>BILETE <br>C\u00c2\u0218TIG\u0102TOARE<\/h2>\n<\/div>\n\n\n\n<div class=\"wp-block-column is-layout-flow wp-block-column-is-layout-flow\" style=\"padding-right:var(--wp--preset--spacing--30);padding-left:var(--wp--preset--spacing--30)\"><div class=\"wp-block-image icon-style is-style-default\">\n<figure class=\"aligncenter size-full is-resized has-custom-border\"><img loading=\"lazy\" decoding=\"async\" width=\"512\" height=\"512\" src=\"http:\/\/only-tips.com\/wp-content\/uploads\/2025\/02\/9972749.png\" alt=\"\" class=\"wp-image-18\" style=\"border-radius:0px;width:180px;height:auto\" title=\"\" srcset=\"https:\/\/only-tips.com\/wp-content\/uploads\/2025\/02\/9972749.png 512w, https:\/\/only-tips.com\/wp-content\/uploads\/2025\/02\/9972749-300x300.png 300w, https:\/\/only-tips.com\/wp-content\/uploads\/2025\/02\/9972749-150x150.png 150w\" sizes=\"auto, (max-width: 512px) 100vw, 512px\" \/><\/figure>\n<\/div>\n\n\n<h2 class=\"wp-block-heading has-text-align-center has-neve-text-color-color has-text-color\">6 <br>BILETE <br>PIERDUTE<\/h2>\n<\/div>\n<\/div>\n\n\n\n<div class=\"wp-block-buttons is-content-justification-center is-layout-flex wp-container-core-buttons-is-layout-16018d1d wp-block-buttons-is-layout-flex\">\n<div class=\"wp-block-button is-style-primary\"><a class=\"wp-block-button__link has-text-align-center wp-element-button\" href=\"https:\/\/only-tips.com\/?page_id=994\">vEZI TOAT\u0102 STATISTICA<\/a><\/div>\n<\/div>\n<\/div><\/div>\n\n\n\n<div class=\"wp-block-group\" style=\"padding-top:var(--wp--preset--spacing--50);padding-bottom:var(--wp--preset--spacing--50)\"><div class=\"wp-block-group__inner-container is-layout-constrained wp-block-group-is-layout-constrained\"><\/div><\/div>\n\n\n\n<div class=\"wp-block-cover alignfull has-neve-text-color-color has-text-color has-link-color wp-elements-2f6c4dd5e47cda04b2fb6c945a5a2c19\" style=\"padding-top:var(--wp--preset--spacing--80);padding-bottom:var(--wp--preset--spacing--80);min-height:901px;aspect-ratio:unset;\"><span aria-hidden=\"true\" class=\"wp-block-cover__background has-nv-light-bg-background-color has-background-dim-80 has-background-dim\"><\/span><div class=\"wp-block-cover__inner-container is-layout-flow wp-block-cover-is-layout-flow\">\n<div class=\"wp-block-group\"><div class=\"wp-block-group__inner-container is-layout-flow wp-block-group-is-layout-flow\">\n<div style=\"height:13px\" aria-hidden=\"true\" class=\"wp-block-spacer\"><\/div>\n\n\n\n<div class=\"wp-block-columns is-layout-flex wp-container-core-columns-is-layout-9d6595d7 wp-block-columns-is-layout-flex\">\n<div class=\"wp-block-column is-layout-flow wp-block-column-is-layout-flow\" style=\"flex-basis:60%\">\n<div class=\"wp-block-group is-vertical is-layout-flex wp-container-core-group-is-layout-76a81b31 wp-block-group-is-layout-flex\">\n<div class=\"wp-block-columns are-vertically-aligned-center is-layout-flex wp-container-core-columns-is-layout-9d6595d7 wp-block-columns-is-layout-flex\">\n<div class=\"wp-block-column is-vertically-aligned-center is-layout-flow wp-block-column-is-layout-flow\" style=\"flex-basis:33.33%\">\n<figure class=\"wp-block-image size-full\"><img loading=\"lazy\" decoding=\"async\" width=\"512\" height=\"512\" src=\"http:\/\/only-tips.com\/wp-content\/uploads\/2025\/02\/cropped-Logo.png\" alt=\"\" class=\"wp-image-21\" srcset=\"https:\/\/only-tips.com\/wp-content\/uploads\/2025\/02\/cropped-Logo.png 512w, https:\/\/only-tips.com\/wp-content\/uploads\/2025\/02\/cropped-Logo-300x300.png 300w, https:\/\/only-tips.com\/wp-content\/uploads\/2025\/02\/cropped-Logo-150x150.png 150w, https:\/\/only-tips.com\/wp-content\/uploads\/2025\/02\/cropped-Logo-270x270.png 270w, https:\/\/only-tips.com\/wp-content\/uploads\/2025\/02\/cropped-Logo-192x192.png 192w, https:\/\/only-tips.com\/wp-content\/uploads\/2025\/02\/cropped-Logo-180x180.png 180w, https:\/\/only-tips.com\/wp-content\/uploads\/2025\/02\/cropped-Logo-32x32.png 32w\" sizes=\"auto, (max-width: 512px) 100vw, 512px\" \/><\/figure>\n<\/div>\n\n\n\n<div class=\"wp-block-column is-vertically-aligned-center is-layout-flow wp-block-column-is-layout-flow\" style=\"flex-basis:66.66%\">\n<h2 class=\"wp-block-heading has-text-align-center\">RATA DE REU\u0218IT\u0102 DE PESTE 90%<\/h2>\n<\/div>\n<\/div>\n\n\n\n<div style=\"height:0px\" aria-hidden=\"true\" class=\"wp-block-spacer wp-container-content-541a6b20\"><\/div>\n<\/div>\n<\/div>\n<\/div>\n\n\n\n<div class=\"wp-block-columns are-vertically-aligned-center is-layout-flex wp-container-core-columns-is-layout-9d6595d7 wp-block-columns-is-layout-flex\">\n<div class=\"wp-block-column is-vertically-aligned-center is-layout-flow wp-block-column-is-layout-flow\" style=\"padding-right:var(--wp--preset--spacing--30);padding-left:var(--wp--preset--spacing--30);flex-basis:50%\"><div class=\"wp-block-image\">\n<figure class=\"aligncenter size-full has-custom-border\"><img loading=\"lazy\" decoding=\"async\" width=\"72\" height=\"72\" src=\"http:\/\/only-tips.com\/wp-content\/uploads\/2024\/05\/neve-marketing-icon-2.png\" alt=\"\" class=\"wp-image-491\" style=\"border-radius:16px\"\/><\/figure>\n<\/div>\n\n\n<div style=\"height:21px\" aria-hidden=\"true\" class=\"wp-block-spacer\"><\/div>\n\n\n\n<div class=\"wp-block-buttons is-content-justification-center is-layout-flex wp-container-core-buttons-is-layout-16018d1d wp-block-buttons-is-layout-flex\">\n<div class=\"wp-block-button is-style-primary\"><a class=\"wp-block-button__link wp-element-button\">1000+<br>BILETE<\/a><\/div>\n<\/div>\n<\/div>\n\n\n\n<div class=\"wp-block-column is-vertically-aligned-center is-layout-flow wp-block-column-is-layout-flow\" style=\"padding-right:var(--wp--preset--spacing--30);padding-left:var(--wp--preset--spacing--30);flex-basis:50%\"><div class=\"wp-block-image\">\n<figure class=\"aligncenter size-full is-resized has-custom-border\"><img loading=\"lazy\" decoding=\"async\" width=\"263\" height=\"263\" src=\"https:\/\/only-tips.com\/wp-content\/uploads\/2025\/02\/person-icon-blue-33.png\" alt=\"\" class=\"wp-image-965\" style=\"border-radius:16px;width:57px;height:auto\" srcset=\"https:\/\/only-tips.com\/wp-content\/uploads\/2025\/02\/person-icon-blue-33.png 263w, https:\/\/only-tips.com\/wp-content\/uploads\/2025\/02\/person-icon-blue-33-150x150.png 150w\" sizes=\"auto, (max-width: 263px) 100vw, 263px\" \/><\/figure>\n<\/div>\n\n\n<div style=\"height:27px\" aria-hidden=\"true\" class=\"wp-block-spacer\"><\/div>\n\n\n\n<div class=\"wp-block-buttons is-content-justification-center is-layout-flex wp-container-core-buttons-is-layout-16018d1d wp-block-buttons-is-layout-flex\">\n<div class=\"wp-block-button is-style-primary\"><a class=\"wp-block-button__link has-text-align-center wp-element-button\">500+<br>ABONA\u021aI<\/a><\/div>\n<\/div>\n<\/div>\n<\/div>\n<\/div><\/div>\n<\/div><\/div>\n\n\n\n<h2 class=\"wp-block-heading has-text-align-center\">TESTIMONIALE<\/h2>\n\n\n\n<figure class=\"wp-block-gallery has-nested-images columns-default is-cropped wp-block-gallery-2 is-layout-flex wp-block-gallery-is-layout-flex\">\n<figure class=\"wp-block-image size-large\"><img loading=\"lazy\" decoding=\"async\" width=\"534\" height=\"1024\" data-id=\"968\" src=\"https:\/\/only-tips.com\/wp-content\/uploads\/2025\/02\/o1-534x1024.png\" alt=\"\" class=\"wp-image-968\" srcset=\"https:\/\/only-tips.com\/wp-content\/uploads\/2025\/02\/o1-534x1024.png 534w, https:\/\/only-tips.com\/wp-content\/uploads\/2025\/02\/o1-157x300.png 157w, https:\/\/only-tips.com\/wp-content\/uploads\/2025\/02\/o1.png 668w\" sizes=\"auto, (max-width: 534px) 100vw, 534px\" \/><\/figure>\n\n\n\n<figure class=\"wp-block-image size-large\"><img loading=\"lazy\" decoding=\"async\" width=\"562\" height=\"1024\" data-id=\"973\" src=\"https:\/\/only-tips.com\/wp-content\/uploads\/2025\/02\/o2-562x1024.png\" alt=\"\" class=\"wp-image-973\" srcset=\"https:\/\/only-tips.com\/wp-content\/uploads\/2025\/02\/o2-562x1024.png 562w, https:\/\/only-tips.com\/wp-content\/uploads\/2025\/02\/o2-165x300.png 165w, https:\/\/only-tips.com\/wp-content\/uploads\/2025\/02\/o2.png 703w\" sizes=\"auto, (max-width: 562px) 100vw, 562px\" \/><\/figure>\n\n\n\n<figure class=\"wp-block-image size-large\"><img loading=\"lazy\" decoding=\"async\" width=\"677\" height=\"1024\" data-id=\"970\" src=\"https:\/\/only-tips.com\/wp-content\/uploads\/2025\/02\/o3-677x1024.png\" alt=\"\" class=\"wp-image-970\" srcset=\"https:\/\/only-tips.com\/wp-content\/uploads\/2025\/02\/o3-677x1024.png 677w, https:\/\/only-tips.com\/wp-content\/uploads\/2025\/02\/o3-198x300.png 198w, https:\/\/only-tips.com\/wp-content\/uploads\/2025\/02\/o3-768x1162.png 768w, https:\/\/only-tips.com\/wp-content\/uploads\/2025\/02\/o3.png 846w\" sizes=\"auto, (max-width: 677px) 100vw, 677px\" \/><\/figure>\n\n\n\n<figure class=\"wp-block-image size-large\"><img loading=\"lazy\" decoding=\"async\" width=\"542\" height=\"1024\" data-id=\"972\" src=\"https:\/\/only-tips.com\/wp-content\/uploads\/2025\/02\/o4-542x1024.png\" alt=\"\" class=\"wp-image-972\" srcset=\"https:\/\/only-tips.com\/wp-content\/uploads\/2025\/02\/o4-542x1024.png 542w, https:\/\/only-tips.com\/wp-content\/uploads\/2025\/02\/o4-159x300.png 159w, https:\/\/only-tips.com\/wp-content\/uploads\/2025\/02\/o4.png 678w\" sizes=\"auto, (max-width: 542px) 100vw, 542px\" \/><\/figure>\n\n\n\n<figure class=\"wp-block-image size-large\"><img loading=\"lazy\" decoding=\"async\" width=\"535\" height=\"1024\" data-id=\"969\" src=\"https:\/\/only-tips.com\/wp-content\/uploads\/2025\/02\/o5-535x1024.png\" alt=\"\" class=\"wp-image-969\" srcset=\"https:\/\/only-tips.com\/wp-content\/uploads\/2025\/02\/o5-535x1024.png 535w, https:\/\/only-tips.com\/wp-content\/uploads\/2025\/02\/o5-157x300.png 157w, https:\/\/only-tips.com\/wp-content\/uploads\/2025\/02\/o5.png 669w\" sizes=\"auto, (max-width: 535px) 100vw, 535px\" \/><\/figure>\n\n\n\n<figure class=\"wp-block-image size-large\"><img loading=\"lazy\" decoding=\"async\" width=\"546\" height=\"1024\" data-id=\"971\" src=\"https:\/\/only-tips.com\/wp-content\/uploads\/2025\/02\/o6-546x1024.png\" alt=\"\" class=\"wp-image-971\" srcset=\"https:\/\/only-tips.com\/wp-content\/uploads\/2025\/02\/o6-546x1024.png 546w, https:\/\/only-tips.com\/wp-content\/uploads\/2025\/02\/o6-160x300.png 160w, https:\/\/only-tips.com\/wp-content\/uploads\/2025\/02\/o6.png 683w\" sizes=\"auto, (max-width: 546px) 100vw, 546px\" \/><\/figure>\n<\/figure>\n\n\n\n<hr class=\"wp-block-separator has-alpha-channel-opacity\"\/>\n\n\n\n<div class=\"wp-block-buttons is-content-justification-center is-layout-flex wp-container-core-buttons-is-layout-16018d1d wp-block-buttons-is-layout-flex\">\n<div class=\"wp-block-button is-style-primary\"><a class=\"wp-block-button__link has-text-align-center wp-element-button\" href=\"https:\/\/only-tips.com\/?page_id=1018\">mAI MULTE RECENZII<\/a><\/div>\n<\/div>\n\n\n\n<hr class=\"wp-block-separator has-alpha-channel-opacity\"\/>\n\n\n\n<div class=\"wp-block-cover alignfull\" style=\"padding-top:var(--wp--preset--spacing--80);padding-bottom:var(--wp--preset--spacing--80);min-height:300px;aspect-ratio:unset;\"><span aria-hidden=\"true\" class=\"wp-block-cover__background has-neve-link-color-background-color has-background-dim-100 has-background-dim\"><\/span><div class=\"wp-block-cover__inner-container is-layout-flow wp-block-cover-is-layout-flow\">\n<div class=\"wp-block-columns is-layout-flex wp-container-core-columns-is-layout-9d6595d7 wp-block-columns-is-layout-flex\">\n<div class=\"wp-block-column is-layout-flow wp-block-column-is-layout-flow\" style=\"flex-basis:20%\"><\/div>\n\n\n\n<div class=\"wp-block-column is-layout-flow wp-block-column-is-layout-flow\" style=\"flex-basis:60%\">\n<div class=\"wp-block-group\"><div class=\"wp-block-group__inner-container is-layout-constrained wp-block-group-is-layout-constrained\">\n<h2 class=\"wp-block-heading has-text-align-center has-nv-text-dark-bg-color has-text-color\">CONTACT<\/h2>\n\n\n\n<div class=\"wp-block-buttons is-horizontal is-content-justification-center is-layout-flex wp-container-core-buttons-is-layout-499968f5 wp-block-buttons-is-layout-flex\">\n<div class=\"wp-block-button is-style-primary\"><a class=\"wp-block-button__link has-neve-link-color-color has-text-color has-background has-link-color wp-element-button\" href=\"https:\/\/wa.me\/40735040126\" style=\"background-color:#ffffff\">wHATSAPP<\/a><\/div>\n\n\n\n<div class=\"wp-block-button is-style-primary\"><a class=\"wp-block-button__link has-neve-link-color-color has-text-color has-background has-link-color wp-element-button\" href=\"https:\/\/t.me\/Onlytipsro\" style=\"background-color:#ffffff\">TELEGRAM<\/a><\/div>\n\n\n\n<div class=\"wp-block-button is-style-primary\"><a class=\"wp-block-button__link has-neve-link-color-color has-text-color has-background has-link-color wp-element-button\" href=\"https:\/\/www.tiktok.com\/@power.tips97?_t=ZN-8u1OMzKcB8A&amp;_r=1\" style=\"background-color:#ffffff\">TIKTOK<\/a><\/div>\n<\/div>\n<\/div><\/div>\n<\/div>\n\n\n\n<div class=\"wp-block-column is-layout-flow wp-block-column-is-layout-flow\" style=\"flex-basis:20%\"><\/div>\n<\/div>\n<\/div><\/div>\n\n\n\n<p><\/p>\n","protected":false},"excerpt":{"rendered":"<p>STATISTIC\u0102 LUNA MARTIE 25 BILETE C\u00c2\u0218TIG\u0102TOARE 6 BILETE PIERDUTE TESTIMONIALE<\/p>\n","protected":false},"author":1,"featured_media":0,"parent":0,"menu_order":0,"comment_status":"closed","ping_status":"closed","template":"","meta":{"neve_meta_sidebar":"default","neve_meta_container":"default","neve_meta_enable_content_width":"on","neve_meta_content_width":100,"neve_meta_title_alignment":"","neve_meta_author_avatar":"","neve_post_elements_order":"","neve_meta_disable_header":"","neve_meta_disable_footer":"","neve_meta_disable_title":"on","_themeisle_gutenberg_block_has_review":false,"footnotes":""},"class_list":["post-946","page","type-page","status-publish","hentry"],"_links":{"self":[{"href":"https:\/\/only-tips.com\/index.php?rest_route=\/wp\/v2\/pages\/946","targetHints":{"allow":["GET"]}}],"collection":[{"href":"https:\/\/only-tips.com\/index.php?rest_route=\/wp\/v2\/pages"}],"about":[{"href":"https:\/\/only-tips.com\/index.php?rest_route=\/wp\/v2\/types\/page"}],"author":[{"embeddable":true,"href":"https:\/\/only-tips.com\/index.php?rest_route=\/wp\/v2\/users\/1"}],"replies":[{"embeddable":true,"href":"https:\/\/only-tips.com\/index.php?rest_route=%2Fwp%2Fv2%2Fcomments&post=946"}],"version-history":[{"count":51,"href":"https:\/\/only-tips.com\/index.php?rest_route=\/wp\/v2\/pages\/946\/revisions"}],"predecessor-version":[{"id":1210,"href":"https:\/\/only-tips.com\/index.php?rest_route=\/wp\/v2\/pages\/946\/revisions\/1210"}],"wp:attachment":[{"href":"https:\/\/only-tips.com\/index.php?rest_route=%2Fwp%2Fv2%2Fmedia&parent=946"}],"curies":[{"name":"wp","href":"https:\/\/api.w.org\/{rel}","templated":true}]}}